{"id":1487,"date":"2019-12-20T04:37:40","date_gmt":"2019-12-20T04:37:40","guid":{"rendered":"https:\/\/victorthemes.com\/themes\/segovia\/?page_id=1487"},"modified":"2026-01-30T15:58:46","modified_gmt":"2026-01-30T12:58:46","slug":"anasayfa","status":"publish","type":"page","link":"https:\/\/egemenozturk.com\/","title":{"rendered":"Anasayfa"},"content":{"rendered":"\t\t<div data-elementor-type=\"wp-page\" data-elementor-id=\"1487\" class=\"elementor elementor-1487\" data-elementor-post-type=\"page\">\n\t\t\t\t\t\t<section class=\"elementor-section elementor-top-section elementor-element elementor-element-41c4270 elementor-section-stretched elementor-section-boxed elementor-section-height-default elementor-section-height-default\" data-id=\"41c4270\" data-element_type=\"section\" data-settings=\"{&quot;stretch_section&quot;:&quot;section-stretched&quot;}\">\n\t\t\t\t\t\t<div class=\"elementor-container elementor-column-gap-default\">\n\t\t\t\t\t<div class=\"elementor-column elementor-col-100 elementor-top-column elementor-element elementor-element-e9068b0\" data-id=\"e9068b0\" data-element_type=\"column\">\n\t\t\t<div class=\"elementor-widget-wrap elementor-element-populated\">\n\t\t\t\t\t\t<div class=\"elementor-element elementor-element-48d3edc elementor-widget elementor-widget-vt-segovia_section_title\" data-id=\"48d3edc\" data-element_type=\"widget\" data-widget_type=\"vt-segovia_section_title.default\">\n\t\t\t\t<div class=\"elementor-widget-container\">\n\t\t\t\t\t<div class=\"section-title-wrap dhav-sep dhav-icon dhav-animation\">\n        <div class=\"sec-title\"><h2 class=\"section-title\">Egemen \u00d6zt\u00fcrk<\/h2><\/div>\n      <\/div>\t\t\t\t<\/div>\n\t\t\t\t<\/div>\n\t\t\t\t\t<\/div>\n\t\t<\/div>\n\t\t\t\t\t<\/div>\n\t\t<\/section>\n\t\t\t\t<section class=\"elementor-section elementor-top-section elementor-element elementor-element-a89d3e0 elementor-section-stretched elementor-section-boxed elementor-section-height-default elementor-section-height-default\" data-id=\"a89d3e0\" data-element_type=\"section\" data-settings=\"{&quot;stretch_section&quot;:&quot;section-stretched&quot;}\">\n\t\t\t\t\t\t<div class=\"elementor-container elementor-column-gap-default\">\n\t\t\t\t\t<div class=\"elementor-column elementor-col-100 elementor-top-column elementor-element elementor-element-72a83e8\" data-id=\"72a83e8\" data-element_type=\"column\">\n\t\t\t<div class=\"elementor-widget-wrap elementor-element-populated\">\n\t\t\t\t\t\t<div class=\"elementor-element elementor-element-d08a2a1 elementor-widget elementor-widget-vt-segovia_section_title\" data-id=\"d08a2a1\" data-element_type=\"widget\" data-widget_type=\"vt-segovia_section_title.default\">\n\t\t\t\t<div class=\"elementor-widget-container\">\n\t\t\t\t\t<div class=\"section-title-wrap dhav-sep dhav-icon dhav-animation\">\n        <div class=\"sec-title\"><\/div><div class=\"sec-content\"><p>size \u00f6zel bilgilerim<\/p><\/div>\n      <\/div>\t\t\t\t<\/div>\n\t\t\t\t<\/div>\n\t\t\t\t<div class=\"elementor-element elementor-element-0be825e elementor-grid-3 elementor-grid-tablet-2 elementor-grid-mobile-1 elementor-posts--thumbnail-top elementor-widget elementor-widget-posts\" data-id=\"0be825e\" data-element_type=\"widget\" data-settings=\"{&quot;classic_columns&quot;:&quot;3&quot;,&quot;classic_columns_tablet&quot;:&quot;2&quot;,&quot;classic_columns_mobile&quot;:&quot;1&quot;,&quot;classic_row_gap&quot;:{&quot;unit&quot;:&quot;px&quot;,&quot;size&quot;:35,&quot;sizes&quot;:[]},&quot;classic_row_gap_tablet&quot;:{&quot;unit&quot;:&quot;px&quot;,&quot;size&quot;:&quot;&quot;,&quot;sizes&quot;:[]},&quot;classic_row_gap_mobile&quot;:{&quot;unit&quot;:&quot;px&quot;,&quot;size&quot;:&quot;&quot;,&quot;sizes&quot;:[]}}\" data-widget_type=\"posts.classic\">\n\t\t\t\t<div class=\"elementor-widget-container\">\n\t\t\t\t\t\t\t<div class=\"elementor-posts-container elementor-posts elementor-posts--skin-classic elementor-grid\">\n\t\t\t\t<article class=\"elementor-post elementor-grid-item post-3037 post type-post status-publish format-standard hentry category-genel\">\n\t\t\t\t<div class=\"elementor-post__text\">\n\t\t\t\t<h3 class=\"elementor-post__title\">\n\t\t\t<a href=\"https:\/\/egemenozturk.com\/index.php\/2025\/08\/26\/6-yasinda-almanya-izlenimlerim\/\" >\n\t\t\t\t6 Ya\u015f\u0131nda Almanya \u0130zlenimlerim\t\t\t<\/a>\n\t\t<\/h3>\n\t\t\t\t<div class=\"elementor-post__meta-data\">\n\t\t\t\t\t<span class=\"elementor-post-date\">\n\t\t\t26 A\u011fustos 2025\t\t<\/span>\n\t\t\t\t<span class=\"elementor-post-avatar\">\n\t\t\tYorum yap\u0131lmam\u0131\u015f\t\t<\/span>\n\t\t\t\t<\/div>\n\t\t\t\t<div class=\"elementor-post__excerpt\">\n\t\t\talt\u0131 ya\u015f\u0131ndayken ilk almanyaya giderken \u00e7ok heyecanl\u0131yd\u0131m ve ilk defa u\u00e7a\u011fa binmi\u015ftim.\u00a0 almanyaya geldimde \u00e7ok merakl\u0131yd\u0131m her\u015feye dokunuyordum.\t\t<\/div>\n\t\t\n\t\t<a class=\"elementor-post__read-more\" href=\"https:\/\/egemenozturk.com\/index.php\/2025\/08\/26\/6-yasinda-almanya-izlenimlerim\/\" aria-label=\"Read more about 6 Ya\u015f\u0131nda Almanya \u0130zlenimlerim\" tabindex=\"-1\" >\n\t\t\tRead More \u00bb\t\t<\/a>\n\n\t\t\t\t<\/div>\n\t\t\t\t<\/article>\n\t\t\t\t<\/div>\n\t\t\n\t\t\t\t\t\t<\/div>\n\t\t\t\t<\/div>\n\t\t\t\t\t<\/div>\n\t\t<\/div>\n\t\t\t\t\t<\/div>\n\t\t<\/section>\n\t\t\t\t<section class=\"elementor-section elementor-top-section elementor-element elementor-element-173f69f elementor-section-stretched elementor-section-boxed elementor-section-height-default elementor-section-height-default\" data-id=\"173f69f\" data-element_type=\"section\" data-settings=\"{&quot;stretch_section&quot;:&quot;section-stretched&quot;}\">\n\t\t\t\t\t\t<div class=\"elementor-container elementor-column-gap-default\">\n\t\t\t\t\t<div class=\"elementor-column elementor-col-100 elementor-top-column elementor-element elementor-element-6e9b028\" data-id=\"6e9b028\" data-element_type=\"column\">\n\t\t\t<div class=\"elementor-widget-wrap elementor-element-populated\">\n\t\t\t\t\t\t<div class=\"elementor-element elementor-element-994751c elementor-widget elementor-widget-vt-segovia_section_title\" data-id=\"994751c\" data-element_type=\"widget\" data-widget_type=\"vt-segovia_section_title.default\">\n\t\t\t\t<div class=\"elementor-widget-container\">\n\t\t\t\t\t<div class=\"section-title-wrap dhav-sep dhav-icon dhav-animation\">\n        <div class=\"sec-title\"><\/div><div class=\"sec-content\"><p>G\u00f6rsel \u00c7al\u0131\u015fmalar<\/p><\/div>\n      <\/div>\t\t\t\t<\/div>\n\t\t\t\t<\/div>\n\t\t\t\t\t<\/div>\n\t\t<\/div>\n\t\t\t\t\t<\/div>\n\t\t<\/section>\n\t\t\t\t<section class=\"elementor-section elementor-top-section elementor-element elementor-element-ba07177 elementor-section-stretched elementor-section-boxed elementor-section-height-default elementor-section-height-default\" data-id=\"ba07177\" data-element_type=\"section\" data-settings=\"{&quot;stretch_section&quot;:&quot;section-stretched&quot;}\">\n\t\t\t\t\t\t<div class=\"elementor-container elementor-column-gap-default\">\n\t\t\t\t\t<div class=\"elementor-column elementor-col-100 elementor-top-column elementor-element elementor-element-a14ef27\" data-id=\"a14ef27\" data-element_type=\"column\">\n\t\t\t<div class=\"elementor-widget-wrap elementor-element-populated\">\n\t\t\t\t\t\t<div class=\"elementor-element elementor-element-737b8f7 elementor-widget elementor-widget-gallery\" data-id=\"737b8f7\" data-element_type=\"widget\" data-settings=\"{&quot;gallery_layout&quot;:&quot;masonry&quot;,&quot;columns&quot;:2,&quot;gap&quot;:{&quot;unit&quot;:&quot;px&quot;,&quot;size&quot;:13,&quot;sizes&quot;:[]},&quot;lazyload&quot;:&quot;yes&quot;,&quot;columns_tablet&quot;:2,&quot;columns_mobile&quot;:1,&quot;gap_tablet&quot;:{&quot;unit&quot;:&quot;px&quot;,&quot;size&quot;:10,&quot;sizes&quot;:[]},&quot;gap_mobile&quot;:{&quot;unit&quot;:&quot;px&quot;,&quot;size&quot;:10,&quot;sizes&quot;:[]},&quot;link_to&quot;:&quot;file&quot;,&quot;content_hover_animation&quot;:&quot;fade-in&quot;}\" data-widget_type=\"gallery.default\">\n\t\t\t\t<div class=\"elementor-widget-container\">\n\t\t\t\t\t\t\t<div class=\"elementor-gallery__container\">\n\t\t\t\t\t\t\t<a class=\"e-gallery-item elementor-gallery-item elementor-animated-content\" href=\"https:\/\/egemenozturk.com\/wp-content\/uploads\/2025\/02\/Screenshot_20250223_155925-e1740315794565.jpg\" data-elementor-open-lightbox=\"yes\" data-elementor-lightbox-slideshow=\"737b8f7\" data-elementor-lightbox-title=\"Screenshot_20250223_155925\" data-e-action-hash=\"#elementor-action%3Aaction%3Dlightbox%26settings%3DeyJpZCI6MzAxMCwidXJsIjoiaHR0cHM6XC9cL2VnZW1lbm96dHVyay5jb21cL3dwLWNvbnRlbnRcL3VwbG9hZHNcLzIwMjVcLzAyXC9TY3JlZW5zaG90XzIwMjUwMjIzXzE1NTkyNS1lMTc0MDMxNTc5NDU2NS5qcGciLCJzbGlkZXNob3ciOiI3MzdiOGY3In0%3D\">\n\t\t\t\t\t<div class=\"e-gallery-image elementor-gallery-item__image\" data-thumbnail=\"https:\/\/egemenozturk.com\/wp-content\/uploads\/2025\/02\/Screenshot_20250223_155925-e1740315794565.jpg\" data-width=\"1200\" data-height=\"1200\" aria-label=\"\" role=\"img\" ><\/div>\n\t\t\t\t\t\t\t\t\t\t\t\t\t\t<\/a>\n\t\t\t\t\t\t\t<a class=\"e-gallery-item elementor-gallery-item elementor-animated-content\" href=\"https:\/\/egemenozturk.com\/wp-content\/uploads\/2026\/01\/2021-audi-r8-rwd-panther-edition.jpg\" data-elementor-open-lightbox=\"yes\" data-elementor-lightbox-slideshow=\"737b8f7\" data-elementor-lightbox-title=\"2021-audi-r8-rwd-panther-edition\" data-e-action-hash=\"#elementor-action%3Aaction%3Dlightbox%26settings%3DeyJpZCI6MzA0NSwidXJsIjoiaHR0cHM6XC9cL2VnZW1lbm96dHVyay5jb21cL3dwLWNvbnRlbnRcL3VwbG9hZHNcLzIwMjZcLzAxXC8yMDIxLWF1ZGktcjgtcndkLXBhbnRoZXItZWRpdGlvbi5qcGciLCJzbGlkZXNob3ciOiI3MzdiOGY3In0%3D\">\n\t\t\t\t\t<div class=\"e-gallery-image elementor-gallery-item__image\" data-thumbnail=\"https:\/\/egemenozturk.com\/wp-content\/uploads\/2026\/01\/2021-audi-r8-rwd-panther-edition.jpg\" data-width=\"1280\" data-height=\"720\" aria-label=\"\" role=\"img\" ><\/div>\n\t\t\t\t\t\t\t\t\t\t\t\t\t\t<\/a>\n\t\t\t\t\t\t\t<a class=\"e-gallery-item elementor-gallery-item elementor-animated-content\" href=\"https:\/\/egemenozturk.com\/wp-content\/uploads\/2025\/02\/Screenshot_20250222_091029-e1740315839773.jpg\" data-elementor-open-lightbox=\"yes\" data-elementor-lightbox-slideshow=\"737b8f7\" data-elementor-lightbox-title=\"Screenshot_20250222_091029\" data-e-action-hash=\"#elementor-action%3Aaction%3Dlightbox%26settings%3DeyJpZCI6MzAxMywidXJsIjoiaHR0cHM6XC9cL2VnZW1lbm96dHVyay5jb21cL3dwLWNvbnRlbnRcL3VwbG9hZHNcLzIwMjVcLzAyXC9TY3JlZW5zaG90XzIwMjUwMjIyXzA5MTAyOS1lMTc0MDMxNTgzOTc3My5qcGciLCJzbGlkZXNob3ciOiI3MzdiOGY3In0%3D\">\n\t\t\t\t\t<div class=\"e-gallery-image elementor-gallery-item__image\" data-thumbnail=\"https:\/\/egemenozturk.com\/wp-content\/uploads\/2025\/02\/Screenshot_20250222_091029-e1740315839773.jpg\" data-width=\"1200\" data-height=\"1200\" aria-label=\"\" role=\"img\" ><\/div>\n\t\t\t\t\t\t\t\t\t\t\t\t\t\t<\/a>\n\t\t\t\t\t\t\t<a class=\"e-gallery-item elementor-gallery-item elementor-animated-content\" href=\"https:\/\/egemenozturk.com\/wp-content\/uploads\/2024\/12\/file-PxicvNDhYPYYSrrpAijAnM-1.webp\" data-elementor-open-lightbox=\"yes\" data-elementor-lightbox-slideshow=\"737b8f7\" data-elementor-lightbox-title=\"file-PxicvNDhYPYYSrrpAijAnM (1)\" data-e-action-hash=\"#elementor-action%3Aaction%3Dlightbox%26settings%3DeyJpZCI6Mjk3OCwidXJsIjoiaHR0cHM6XC9cL2VnZW1lbm96dHVyay5jb21cL3dwLWNvbnRlbnRcL3VwbG9hZHNcLzIwMjRcLzEyXC9maWxlLVB4aWN2TkRoWVBZWVNycnBBaWpBbk0tMS53ZWJwIiwic2xpZGVzaG93IjoiNzM3YjhmNyJ9\">\n\t\t\t\t\t<div class=\"e-gallery-image elementor-gallery-item__image\" data-thumbnail=\"https:\/\/egemenozturk.com\/wp-content\/uploads\/2024\/12\/file-PxicvNDhYPYYSrrpAijAnM-1.webp\" data-width=\"1024\" data-height=\"1024\" aria-label=\"\" role=\"img\" ><\/div>\n\t\t\t\t\t\t\t\t\t\t\t\t\t\t<\/a>\n\t\t\t\t\t\t\t<a class=\"e-gallery-item elementor-gallery-item elementor-animated-content\" href=\"https:\/\/egemenozturk.com\/wp-content\/uploads\/2024\/12\/file-PMJvToh2j4dG5xqAqQuXLE.webp\" data-elementor-open-lightbox=\"yes\" data-elementor-lightbox-slideshow=\"737b8f7\" data-elementor-lightbox-title=\"file-PMJvToh2j4dG5xqAqQuXLE\" data-e-action-hash=\"#elementor-action%3Aaction%3Dlightbox%26settings%3DeyJpZCI6Mjk3OSwidXJsIjoiaHR0cHM6XC9cL2VnZW1lbm96dHVyay5jb21cL3dwLWNvbnRlbnRcL3VwbG9hZHNcLzIwMjRcLzEyXC9maWxlLVBNSnZUb2gyajRkRzV4cUFxUXVYTEUud2VicCIsInNsaWRlc2hvdyI6IjczN2I4ZjcifQ%3D%3D\">\n\t\t\t\t\t<div class=\"e-gallery-image elementor-gallery-item__image\" data-thumbnail=\"https:\/\/egemenozturk.com\/wp-content\/uploads\/2024\/12\/file-PMJvToh2j4dG5xqAqQuXLE.webp\" data-width=\"1024\" data-height=\"1024\" aria-label=\"\" role=\"img\" ><\/div>\n\t\t\t\t\t\t\t\t\t\t\t\t\t\t<\/a>\n\t\t\t\t\t\t\t<a class=\"e-gallery-item elementor-gallery-item elementor-animated-content\" href=\"https:\/\/egemenozturk.com\/wp-content\/uploads\/2025\/02\/file-5uYQbY3Th9Uh92QnsYkYhF.webp\" data-elementor-open-lightbox=\"yes\" data-elementor-lightbox-slideshow=\"737b8f7\" data-elementor-lightbox-title=\"file-5uYQbY3Th9Uh92QnsYkYhF\" data-e-action-hash=\"#elementor-action%3Aaction%3Dlightbox%26settings%3DeyJpZCI6MzAxNSwidXJsIjoiaHR0cHM6XC9cL2VnZW1lbm96dHVyay5jb21cL3dwLWNvbnRlbnRcL3VwbG9hZHNcLzIwMjVcLzAyXC9maWxlLTV1WVFiWTNUaDlVaDkyUW5zWWtZaEYud2VicCIsInNsaWRlc2hvdyI6IjczN2I4ZjcifQ%3D%3D\">\n\t\t\t\t\t<div class=\"e-gallery-image elementor-gallery-item__image\" data-thumbnail=\"https:\/\/egemenozturk.com\/wp-content\/uploads\/2025\/02\/file-5uYQbY3Th9Uh92QnsYkYhF.webp\" data-width=\"1024\" data-height=\"1024\" aria-label=\"\" role=\"img\" ><\/div>\n\t\t\t\t\t\t\t\t\t\t\t\t\t\t<\/a>\n\t\t\t\t\t\t\t<a class=\"e-gallery-item elementor-gallery-item elementor-animated-content\" href=\"https:\/\/egemenozturk.com\/wp-content\/uploads\/2024\/12\/file-1V4z4FWE2scDytyvQVKuFQ.webp\" data-elementor-open-lightbox=\"yes\" data-elementor-lightbox-slideshow=\"737b8f7\" data-elementor-lightbox-title=\"file-1V4z4FWE2scDytyvQVKuFQ\" data-e-action-hash=\"#elementor-action%3Aaction%3Dlightbox%26settings%3DeyJpZCI6Mjk4MCwidXJsIjoiaHR0cHM6XC9cL2VnZW1lbm96dHVyay5jb21cL3dwLWNvbnRlbnRcL3VwbG9hZHNcLzIwMjRcLzEyXC9maWxlLTFWNHo0RldFMnNjRHl0eXZRVkt1RlEud2VicCIsInNsaWRlc2hvdyI6IjczN2I4ZjcifQ%3D%3D\">\n\t\t\t\t\t<div class=\"e-gallery-image elementor-gallery-item__image\" data-thumbnail=\"https:\/\/egemenozturk.com\/wp-content\/uploads\/2024\/12\/file-1V4z4FWE2scDytyvQVKuFQ.webp\" data-width=\"1024\" data-height=\"1024\" aria-label=\"\" role=\"img\" ><\/div>\n\t\t\t\t\t\t\t\t\t\t\t\t\t\t<\/a>\n\t\t\t\t\t\t\t<a class=\"e-gallery-item elementor-gallery-item elementor-animated-content\" href=\"https:\/\/egemenozturk.com\/wp-content\/uploads\/2025\/02\/Screenshot_20250222_085540-e1740315924936.jpg\" data-elementor-open-lightbox=\"yes\" data-elementor-lightbox-slideshow=\"737b8f7\" data-elementor-lightbox-title=\"Screenshot_20250222_085540\" data-e-action-hash=\"#elementor-action%3Aaction%3Dlightbox%26settings%3DeyJpZCI6MzAxMiwidXJsIjoiaHR0cHM6XC9cL2VnZW1lbm96dHVyay5jb21cL3dwLWNvbnRlbnRcL3VwbG9hZHNcLzIwMjVcLzAyXC9TY3JlZW5zaG90XzIwMjUwMjIyXzA4NTU0MC1lMTc0MDMxNTkyNDkzNi5qcGciLCJzbGlkZXNob3ciOiI3MzdiOGY3In0%3D\">\n\t\t\t\t\t<div class=\"e-gallery-image elementor-gallery-item__image\" data-thumbnail=\"https:\/\/egemenozturk.com\/wp-content\/uploads\/2025\/02\/Screenshot_20250222_085540-e1740315924936.jpg\" data-width=\"1200\" data-height=\"1200\" aria-label=\"\" role=\"img\" ><\/div>\n\t\t\t\t\t\t\t\t\t\t\t\t\t\t<\/a>\n\t\t\t\t\t\t\t<a class=\"e-gallery-item elementor-gallery-item elementor-animated-content\" href=\"https:\/\/egemenozturk.com\/wp-content\/uploads\/2024\/12\/file-RphZggPwzpMLD82UzgBLAj-2.webp\" data-elementor-open-lightbox=\"yes\" data-elementor-lightbox-slideshow=\"737b8f7\" data-elementor-lightbox-title=\"file-RphZggPwzpMLD82UzgBLAj (2)\" data-e-action-hash=\"#elementor-action%3Aaction%3Dlightbox%26settings%3DeyJpZCI6Mjk4MSwidXJsIjoiaHR0cHM6XC9cL2VnZW1lbm96dHVyay5jb21cL3dwLWNvbnRlbnRcL3VwbG9hZHNcLzIwMjRcLzEyXC9maWxlLVJwaFpnZ1B3enBNTEQ4MlV6Z0JMQWotMi53ZWJwIiwic2xpZGVzaG93IjoiNzM3YjhmNyJ9\">\n\t\t\t\t\t<div class=\"e-gallery-image elementor-gallery-item__image\" data-thumbnail=\"https:\/\/egemenozturk.com\/wp-content\/uploads\/2024\/12\/file-RphZggPwzpMLD82UzgBLAj-2.webp\" data-width=\"1024\" data-height=\"1024\" aria-label=\"\" role=\"img\" ><\/div>\n\t\t\t\t\t\t\t\t\t\t\t\t\t\t<\/a>\n\t\t\t\t\t\t\t<a class=\"e-gallery-item elementor-gallery-item elementor-animated-content\" href=\"https:\/\/egemenozturk.com\/wp-content\/uploads\/2024\/12\/file-7PLTdQSX2t1Ww5YSjX3XRs.webp\" data-elementor-open-lightbox=\"yes\" data-elementor-lightbox-slideshow=\"737b8f7\" data-elementor-lightbox-title=\"file-7PLTdQSX2t1Ww5YSjX3XRs\" data-e-action-hash=\"#elementor-action%3Aaction%3Dlightbox%26settings%3DeyJpZCI6Mjk4MiwidXJsIjoiaHR0cHM6XC9cL2VnZW1lbm96dHVyay5jb21cL3dwLWNvbnRlbnRcL3VwbG9hZHNcLzIwMjRcLzEyXC9maWxlLTdQTFRkUVNYMnQxV3c1WVNqWDNYUnMud2VicCIsInNsaWRlc2hvdyI6IjczN2I4ZjcifQ%3D%3D\">\n\t\t\t\t\t<div class=\"e-gallery-image elementor-gallery-item__image\" data-thumbnail=\"https:\/\/egemenozturk.com\/wp-content\/uploads\/2024\/12\/file-7PLTdQSX2t1Ww5YSjX3XRs.webp\" data-width=\"1024\" data-height=\"1024\" aria-label=\"\" role=\"img\" ><\/div>\n\t\t\t\t\t\t\t\t\t\t\t\t\t\t<\/a>\n\t\t\t\t\t\t\t<a class=\"e-gallery-item elementor-gallery-item elementor-animated-content\" href=\"https:\/\/egemenozturk.com\/wp-content\/uploads\/2024\/12\/file-1dqNaw8UKHgPS4qkuySZes.webp\" data-elementor-open-lightbox=\"yes\" data-elementor-lightbox-slideshow=\"737b8f7\" data-elementor-lightbox-title=\"file-1dqNaw8UKHgPS4qkuySZes\" data-e-action-hash=\"#elementor-action%3Aaction%3Dlightbox%26settings%3DeyJpZCI6Mjk4MywidXJsIjoiaHR0cHM6XC9cL2VnZW1lbm96dHVyay5jb21cL3dwLWNvbnRlbnRcL3VwbG9hZHNcLzIwMjRcLzEyXC9maWxlLTFkcU5hdzhVS0hnUFM0cWt1eVNaZXMud2VicCIsInNsaWRlc2hvdyI6IjczN2I4ZjcifQ%3D%3D\">\n\t\t\t\t\t<div class=\"e-gallery-image elementor-gallery-item__image\" data-thumbnail=\"https:\/\/egemenozturk.com\/wp-content\/uploads\/2024\/12\/file-1dqNaw8UKHgPS4qkuySZes.webp\" data-width=\"1024\" data-height=\"1024\" aria-label=\"\" role=\"img\" ><\/div>\n\t\t\t\t\t\t\t\t\t\t\t\t\t\t<\/a>\n\t\t\t\t\t\t\t<a class=\"e-gallery-item elementor-gallery-item elementor-animated-content\" href=\"https:\/\/egemenozturk.com\/wp-content\/uploads\/2024\/12\/file-QQKBtFGTjxuKg6r4eot8Cj.webp\" data-elementor-open-lightbox=\"yes\" data-elementor-lightbox-slideshow=\"737b8f7\" data-elementor-lightbox-title=\"file-QQKBtFGTjxuKg6r4eot8Cj\" data-e-action-hash=\"#elementor-action%3Aaction%3Dlightbox%26settings%3DeyJpZCI6Mjk4NCwidXJsIjoiaHR0cHM6XC9cL2VnZW1lbm96dHVyay5jb21cL3dwLWNvbnRlbnRcL3VwbG9hZHNcLzIwMjRcLzEyXC9maWxlLVFRS0J0RkdUanh1S2c2cjRlb3Q4Q2oud2VicCIsInNsaWRlc2hvdyI6IjczN2I4ZjcifQ%3D%3D\">\n\t\t\t\t\t<div class=\"e-gallery-image elementor-gallery-item__image\" data-thumbnail=\"https:\/\/egemenozturk.com\/wp-content\/uploads\/2024\/12\/file-QQKBtFGTjxuKg6r4eot8Cj.webp\" data-width=\"1024\" data-height=\"1024\" aria-label=\"\" role=\"img\" ><\/div>\n\t\t\t\t\t\t\t\t\t\t\t\t\t\t<\/a>\n\t\t\t\t\t\t\t<a class=\"e-gallery-item elementor-gallery-item elementor-animated-content\" href=\"https:\/\/egemenozturk.com\/wp-content\/uploads\/2025\/02\/Screenshot_20250222_085618-e1740315961403.jpg\" data-elementor-open-lightbox=\"yes\" data-elementor-lightbox-slideshow=\"737b8f7\" data-elementor-lightbox-title=\"Screenshot_20250222_085618\" data-e-action-hash=\"#elementor-action%3Aaction%3Dlightbox%26settings%3DeyJpZCI6MzAxNiwidXJsIjoiaHR0cHM6XC9cL2VnZW1lbm96dHVyay5jb21cL3dwLWNvbnRlbnRcL3VwbG9hZHNcLzIwMjVcLzAyXC9TY3JlZW5zaG90XzIwMjUwMjIyXzA4NTYxOC1lMTc0MDMxNTk2MTQwMy5qcGciLCJzbGlkZXNob3ciOiI3MzdiOGY3In0%3D\">\n\t\t\t\t\t<div class=\"e-gallery-image elementor-gallery-item__image\" data-thumbnail=\"https:\/\/egemenozturk.com\/wp-content\/uploads\/2025\/02\/Screenshot_20250222_085618-e1740315961403.jpg\" data-width=\"1200\" data-height=\"1200\" aria-label=\"\" role=\"img\" ><\/div>\n\t\t\t\t\t\t\t\t\t\t\t\t\t\t<\/a>\n\t\t\t\t\t<\/div>\n\t\t\t\t\t<\/div>\n\t\t\t\t<\/div>\n\t\t\t\t\t<\/div>\n\t\t<\/div>\n\t\t\t\t\t<\/div>\n\t\t<\/section>\n\t\t\t\t<\/div>\n\t\t","protected":false},"excerpt":{"rendered":"Egemen \u00d6zt\u00fcrk size \u00f6zel bilgilerim G\u00f6rsel \u00c7al\u0131\u015fmalar","protected":false},"author":1,"featured_media":0,"parent":0,"menu_order":0,"comment_status":"closed","ping_status":"closed","template":"","meta":{"footnotes":""},"class_list":["post-1487","page","type-page","status-publish","hentry"],"_links":{"self":[{"href":"https:\/\/egemenozturk.com\/index.php\/wp-json\/wp\/v2\/pages\/1487","targetHints":{"allow":["GET"]}}],"collection":[{"href":"https:\/\/egemenozturk.com\/index.php\/wp-json\/wp\/v2\/pages"}],"about":[{"href":"https:\/\/egemenozturk.com\/index.php\/wp-json\/wp\/v2\/types\/page"}],"author":[{"embeddable":true,"href":"https:\/\/egemenozturk.com\/index.php\/wp-json\/wp\/v2\/users\/1"}],"replies":[{"embeddable":true,"href":"https:\/\/egemenozturk.com\/index.php\/wp-json\/wp\/v2\/comments?post=1487"}],"version-history":[{"count":35,"href":"https:\/\/egemenozturk.com\/index.php\/wp-json\/wp\/v2\/pages\/1487\/revisions"}],"predecessor-version":[{"id":3048,"href":"https:\/\/egemenozturk.com\/index.php\/wp-json\/wp\/v2\/pages\/1487\/revisions\/3048"}],"wp:attachment":[{"href":"https:\/\/egemenozturk.com\/index.php\/wp-json\/wp\/v2\/media?parent=1487"}],"curies":[{"name":"wp","href":"https:\/\/api.w.org\/{rel}","templated":true}]}}